{"id":25948,"date":"2025-10-02T10:12:02","date_gmt":"2025-10-02T14:12:02","guid":{"rendered":"https:\/\/thewayministryofcanada.ca\/enseignement\/"},"modified":"2025-10-02T10:12:04","modified_gmt":"2025-10-02T14:12:04","slug":"enseignement","status":"publish","type":"page","link":"https:\/\/thewayministryofcanada.ca\/fr\/enseignement\/","title":{"rendered":"Enseignement"},"content":{"rendered":"<div data-elementor-type=\"wp-page\" data-elementor-id=\"25948\" class=\"elementor elementor-25948\" data-elementor-post-type=\"page\">\n\t\t\t\t<div class=\"elementor-element elementor-element-e913545 e-flex e-con-boxed e-con e-parent\" data-id=\"e913545\" data-element_type=\"container\">\n\t\t\t\t\t<div class=\"e-con-inner\">\n\t\t\t\t<div class=\"elementor-element elementor-element-6a93596 elementor-widget elementor-widget-heading\" data-id=\"6a93596\" data-element_type=\"widget\" data-widget_type=\"heading.default\">\n\t\t\t\t<div class=\"elementor-widget-container\">\n\t\t\t\t\t<h2 class=\"elementor-heading-title elementor-size-default\">Enseignement<\/h2>\t\t\t\t<\/div>\n\t\t\t\t<\/div>\n\t\t\t\t<div class=\"elementor-element elementor-element-80c6e0b elementor-widget elementor-widget-text-editor\" data-id=\"80c6e0b\" data-element_type=\"widget\" data-widget_type=\"text-editor.default\">\n\t\t\t\t<div class=\"elementor-widget-container\">\n\t\t\t\t\t\t\t\t\t<p><em>Comment comprendre la Parole de Dieu<\/em><\/p>\t\t\t\t\t\t\t\t<\/div>\n\t\t\t\t<\/div>\n\t\t\t\t\t<\/div>\n\t\t\t\t<\/div>\n\t\t<div class=\"elementor-element elementor-element-9180e6f e-flex e-con-boxed e-con e-parent\" data-id=\"9180e6f\" data-element_type=\"container\">\n\t\t\t\t\t<div class=\"e-con-inner\">\n\t\t<div class=\"elementor-element elementor-element-59902d3 e-con-full e-flex e-con e-child\" data-id=\"59902d3\" data-element_type=\"container\">\n\t\t\t\t<div class=\"elementor-element elementor-element-4b496cd elementor-widget elementor-widget-text-editor\" data-id=\"4b496cd\" data-element_type=\"widget\" data-widget_type=\"text-editor.default\">\n\t\t\t\t<div class=\"elementor-widget-container\">\n\t\t\t\t\t\t\t\t\t<p>The Way est un minist\u00e8re d&#8217;enseignement pratique qui vise \u00e0 enseigner aux gens comment transformer leur vie, de n\u00e9gative et remplie de peurs, en une vie positive et joyeuse. La transformation se produit lorsque les gens croient et appliquent les v\u00e9rit\u00e9s spirituelles fondamentales \u00e9nonc\u00e9es dans la Parole de Dieu. <\/p><p>Pour que le plan de Dieu dans sa Parole soit connu, il faut que quelqu&#8217;un l&#8217;enseigne \u00e0 des \u00e9tudiants volontaires &#8211; ceux qui d\u00e9sirent conna\u00eetre la volont\u00e9 de Dieu.<\/p><blockquote class=\"wp-block-quote is-layout-flow wp-block-quote-is-layout-flow\"><p><em>Romains 12:2 :<br>Ne vous conformez pas au monde pr\u00e9sent, mais soyez transform\u00e9s par le renouvellement de votre intelligence, afin que vous discerniez quelle est <\/em><em> la volont\u00e9 de Dieu, ce qui est bon, agr\u00e9able et parfait.<\/em><\/p><\/blockquote>\t\t\t\t\t\t\t\t<\/div>\n\t\t\t\t<\/div>\n\t\t\t\t<\/div>\n\t\t\t\t<div class=\"elementor-element elementor-element-34823fd elementor-widget elementor-widget-image\" data-id=\"34823fd\" data-element_type=\"widget\" data-widget_type=\"image.default\">\n\t\t\t\t<div class=\"elementor-widget-container\">\n\t\t\t\t\t\t\t\t\t\t\t\t\t\t\t<img data-recalc-dims=\"1\" decoding=\"async\" src=\"https:\/\/i0.wp.com\/thewayministryofcanada.ca\/wp-content\/plugins\/elementor\/assets\/images\/placeholder.png?w=1200&#038;ssl=1\" title=\"\" alt=\"\" loading=\"lazy\" \/>\t\t\t\t\t\t\t\t\t\t\t\t\t\t\t<\/div>\n\t\t\t\t<\/div>\n\t\t\t\t<div class=\"elementor-element elementor-element-c34d4a6 elementor-widget elementor-widget-image\" data-id=\"c34d4a6\" data-element_type=\"widget\" data-widget_type=\"image.default\">\n\t\t\t\t<div class=\"elementor-widget-container\">\n\t\t\t\t\t\t\t\t\t\t\t\t\t\t\t<img data-recalc-dims=\"1\" decoding=\"async\" src=\"https:\/\/i0.wp.com\/thewayministryofcanada.ca\/wp-content\/plugins\/elementor\/assets\/images\/placeholder.png?w=1200&#038;ssl=1\" title=\"\" alt=\"\" loading=\"lazy\" \/>\t\t\t\t\t\t\t\t\t\t\t\t\t\t\t<\/div>\n\t\t\t\t<\/div>\n\t\t\t\t<div class=\"elementor-element elementor-element-229eec8 elementor-widget elementor-widget-text-editor\" data-id=\"229eec8\" data-element_type=\"widget\" data-widget_type=\"text-editor.default\">\n\t\t\t\t<div class=\"elementor-widget-container\">\n\t\t\t\t\t\t\t\t\t<p>Lorem ipsum dolor sit amet, consectetur adipiscing elit. Ut elit tellus, luctus nec ullamcorper mattis, pulvinar dapibus leo.<\/p>\t\t\t\t\t\t\t\t<\/div>\n\t\t\t\t<\/div>\n\t\t\t\t<div class=\"elementor-element elementor-element-843bf10 elementor-widget elementor-widget-image\" data-id=\"843bf10\" data-element_type=\"widget\" data-widget_type=\"image.default\">\n\t\t\t\t<div class=\"elementor-widget-container\">\n\t\t\t\t\t\t\t\t\t\t\t\t\t\t\t<img data-recalc-dims=\"1\" decoding=\"async\" src=\"https:\/\/i0.wp.com\/thewayministryofcanada.ca\/wp-content\/plugins\/elementor\/assets\/images\/placeholder.png?w=1200&#038;ssl=1\" title=\"\" alt=\"\" loading=\"lazy\" \/>\t\t\t\t\t\t\t\t\t\t\t\t\t\t\t<\/div>\n\t\t\t\t<\/div>\n\t\t\t\t<div class=\"elementor-element elementor-element-9b568bf elementor-widget elementor-widget-image\" data-id=\"9b568bf\" data-element_type=\"widget\" data-widget_type=\"image.default\">\n\t\t\t\t<div class=\"elementor-widget-container\">\n\t\t\t\t\t\t\t\t\t\t\t\t\t\t\t<img data-recalc-dims=\"1\" decoding=\"async\" src=\"https:\/\/i0.wp.com\/thewayministryofcanada.ca\/wp-content\/plugins\/elementor\/assets\/images\/placeholder.png?w=1200&#038;ssl=1\" title=\"\" alt=\"\" loading=\"lazy\" \/>\t\t\t\t\t\t\t\t\t\t\t\t\t\t\t<\/div>\n\t\t\t\t<\/div>\n\t\t\t\t\t<\/div>\n\t\t\t\t<\/div>\n\t\t\t\t<\/div>","protected":false},"excerpt":{"rendered":"<p>Enseignement Comment comprendre la Parole de Dieu The Way est un minist\u00e8re d&#8217;enseignement pratique qui vise \u00e0 enseigner aux gens comment transformer leur vie, de n\u00e9gative et remplie de peurs, en une vie positive et joyeuse. La transformation se produit lorsque les gens croient et appliquent les v\u00e9rit\u00e9s spirituelles fondamentales \u00e9nonc\u00e9es dans la Parole de [&hellip;]<\/p>\n","protected":false},"author":1,"featured_media":0,"parent":0,"menu_order":0,"comment_status":"closed","ping_status":"closed","template":"","meta":{"ocean_post_layout":"","ocean_both_sidebars_style":"","ocean_both_sidebars_content_width":0,"ocean_both_sidebars_sidebars_width":0,"ocean_sidebar":"","ocean_second_sidebar":"","ocean_disable_margins":"enable","ocean_add_body_class":"","ocean_shortcode_before_top_bar":"","ocean_shortcode_after_top_bar":"","ocean_shortcode_before_header":"","ocean_shortcode_after_header":"","ocean_has_shortcode":"","ocean_shortcode_after_title":"","ocean_shortcode_before_footer_widgets":"","ocean_shortcode_after_footer_widgets":"","ocean_shortcode_before_footer_bottom":"","ocean_shortcode_after_footer_bottom":"","ocean_display_top_bar":"default","ocean_display_header":"default","ocean_header_style":"","ocean_center_header_left_menu":"","ocean_custom_header_template":"","ocean_custom_logo":0,"ocean_custom_retina_logo":0,"ocean_custom_logo_max_width":0,"ocean_custom_logo_tablet_max_width":0,"ocean_custom_logo_mobile_max_width":0,"ocean_custom_logo_max_height":0,"ocean_custom_logo_tablet_max_height":0,"ocean_custom_logo_mobile_max_height":0,"ocean_header_custom_menu":"","ocean_menu_typo_font_family":"","ocean_menu_typo_font_subset":"","ocean_menu_typo_font_size":0,"ocean_menu_typo_font_size_tablet":0,"ocean_menu_typo_font_size_mobile":0,"ocean_menu_typo_font_size_unit":"px","ocean_menu_typo_font_weight":"","ocean_menu_typo_font_weight_tablet":"","ocean_menu_typo_font_weight_mobile":"","ocean_menu_typo_transform":"","ocean_menu_typo_transform_tablet":"","ocean_menu_typo_transform_mobile":"","ocean_menu_typo_line_height":0,"ocean_menu_typo_line_height_tablet":0,"ocean_menu_typo_line_height_mobile":0,"ocean_menu_typo_line_height_unit":"","ocean_menu_typo_spacing":0,"ocean_menu_typo_spacing_tablet":0,"ocean_menu_typo_spacing_mobile":0,"ocean_menu_typo_spacing_unit":"","ocean_menu_link_color":"","ocean_menu_link_color_hover":"","ocean_menu_link_color_active":"","ocean_menu_link_background":"","ocean_menu_link_hover_background":"","ocean_menu_link_active_background":"","ocean_menu_social_links_bg":"","ocean_menu_social_hover_links_bg":"","ocean_menu_social_links_color":"","ocean_menu_social_hover_links_color":"","ocean_disable_title":"default","ocean_disable_heading":"default","ocean_post_title":"","ocean_post_subheading":"","ocean_post_title_style":"","ocean_post_title_background_color":"","ocean_post_title_background":0,"ocean_post_title_bg_image_position":"","ocean_post_title_bg_image_attachment":"","ocean_post_title_bg_image_repeat":"","ocean_post_title_bg_image_size":"","ocean_post_title_height":0,"ocean_post_title_bg_overlay":0.5,"ocean_post_title_bg_overlay_color":"","ocean_disable_breadcrumbs":"default","ocean_breadcrumbs_color":"","ocean_breadcrumbs_separator_color":"","ocean_breadcrumbs_links_color":"","ocean_breadcrumbs_links_hover_color":"","ocean_display_footer_widgets":"default","ocean_display_footer_bottom":"default","ocean_custom_footer_template":"","footnotes":""},"class_list":["post-25948","page","type-page","status-publish","hentry","entry"],"_links":{"self":[{"href":"https:\/\/thewayministryofcanada.ca\/fr\/wp-json\/wp\/v2\/pages\/25948","targetHints":{"allow":["GET"]}}],"collection":[{"href":"https:\/\/thewayministryofcanada.ca\/fr\/wp-json\/wp\/v2\/pages"}],"about":[{"href":"https:\/\/thewayministryofcanada.ca\/fr\/wp-json\/wp\/v2\/types\/page"}],"author":[{"embeddable":true,"href":"https:\/\/thewayministryofcanada.ca\/fr\/wp-json\/wp\/v2\/users\/1"}],"replies":[{"embeddable":true,"href":"https:\/\/thewayministryofcanada.ca\/fr\/wp-json\/wp\/v2\/comments?post=25948"}],"version-history":[{"count":1,"href":"https:\/\/thewayministryofcanada.ca\/fr\/wp-json\/wp\/v2\/pages\/25948\/revisions"}],"predecessor-version":[{"id":25951,"href":"https:\/\/thewayministryofcanada.ca\/fr\/wp-json\/wp\/v2\/pages\/25948\/revisions\/25951"}],"wp:attachment":[{"href":"https:\/\/thewayministryofcanada.ca\/fr\/wp-json\/wp\/v2\/media?parent=25948"}],"curies":[{"name":"wp","href":"https:\/\/api.w.org\/{rel}","templated":true}]}}